{"id":12948,"date":"2021-12-06T11:10:49","date_gmt":"2021-12-06T10:10:49","guid":{"rendered":"https:\/\/www.salumificiovitali.com\/?page_id=12948"},"modified":"2022-01-17T14:30:44","modified_gmt":"2022-01-17T13:30:44","slug":"prosciutto-di-parma","status":"publish","type":"page","link":"https:\/\/www.salumificiovitali.com\/es\/prosciutto-di-parma\/","title":{"rendered":"Prosciutto di Parma"},"content":{"rendered":"<p>[vc_row full_width=\u00bbstretch_row\u00bb bg_type=\u00bbimage\u00bb parallax_style=\u00bbvcpb-default\u00bb bg_image_new=\u00bbid^12524|url^https:\/\/www.salumificiovitali.com\/wp-content\/uploads\/2021\/11\/bg.jpg|caption^null|alt^null|title^bg|description^null\u00bb css=\u00bb.vc_custom_1637919751240{padding-top: 80px !important;padding-bottom: 80px !important;}\u00bb][vc_column][vc_row_inner content_placement=\u00bbmiddle\u00bb][vc_column_inner width=\u00bb1\/2&#8243;][vc_column_text]<\/p>\n<p style=\"text-align: center;\"><span style=\"font-family: thirstyscriptextrabolddemo; font-size: 26pt;\"><span style=\"color: #cf372c;\">Prosciutto di Parma<\/span><\/span><\/p>\n<p>[\/vc_column_text][vc_empty_space][vc_column_text]<\/p>\n<p style=\"text-align: center;\"><span style=\"font-family: museo-300; font-size: 14pt; line-height: 28px;\">El prosciutto di Parma es Denominaci\u00f3n de Origen Protegida seg\u00fan la ley 13\/02\/1190 n.\u00ba 26 e del Reglamento CE n.\u00ba 1107\/96, garantizado por el Ministerio de las Pol\u00edticas Agr\u00edcolas, Alimentarias y Forestales en virtud del art. 10 del Reglamento CE n.\u00ba 510\/2006.<br \/>\nEl prosciutto di Parma es todo un cl\u00e1sico de la tradici\u00f3n alimentaria italiana; gracias a su sabor dulce y delicado, con el tiempo se ha convertido en un s\u00edmbolo de nuestro pa\u00eds apreciado en todo el mundo. El pliego de condiciones que regula la producci\u00f3n del prosciutto di Parma DOP define de forma rigurosa los requisitos de la materia prima, las zonas de abastecimiento y de elaboraci\u00f3n, las t\u00e9cnicas de producci\u00f3n y los controles que se deben realizar al final de la curaci\u00f3n. Antes de aplicar la inconfundible marca a fuego consistente en una corona de 5 puntas, se debe llevar a cabo un cuidadoso examen para comprobar la regularidad de las fases anteriores y el cumplimiento de los requisitos organol\u00e9pticos inconfundibles y particulares del prosciutto di Parma.<\/span><\/p>\n<p>&nbsp;<\/p>\n<p>[\/vc_column_text][\/vc_column_inner][vc_column_inner width=\u00bb1\/2&#8243;][vc_single_image image=\u00bb12949&#8243; img_size=\u00bbfull\u00bb alignment=\u00bbcenter\u00bb][\/vc_column_inner][\/vc_row_inner][\/vc_column][\/vc_row][vc_row full_width=\u00bbstretch_row\u00bb full_height=\u00bbyes\u00bb bg_type=\u00bbimage\u00bb parallax_style=\u00bbvcpb-default\u00bb bg_image_new=\u00bbid^12839|url^https:\/\/www.salumificiovitali.com\/wp-content\/uploads\/2021\/12\/sfondo_salumi.jpg|caption^null|alt^null|title^sfondo_salumi|description^null\u00bb bg_image_repeat=\u00bbno-repeat\u00bb bg_override=\u00bbex-full\u00bb css=\u00bb.vc_custom_1639068316141{padding-top: 110px !important;padding-bottom: 60px !important;}\u00bb][vc_column width=\u00bb2\/3&#8243;][vc_empty_space height=\u00bb102px\u00bb][vc_column_text]<\/p>\n<p style=\"text-align: left;\"><span style=\"font-family: thirstyscriptextrabolddemo; font-size: 22pt;\"><span style=\"color: #cf372c;\">Valores Nutricionales medios por 100 g de producto<\/span><\/span><\/p>\n<p>[\/vc_column_text][vc_empty_space][vc_single_image image=\u00bb13868&#8243; img_size=\u00bbfull\u00bb][vc_empty_space height=\u00bb22px\u00bb][vc_column_text]<\/p>\n<ul>\n<li>Carne 100% italiana<\/li>\n<li>Sin conservantes<\/li>\n<li>Sin gluten<\/li>\n<li>Sin lactosa<\/li>\n<\/ul>\n<p>[\/vc_column_text][vc_empty_space][\/vc_column][vc_column width=\u00bb1\/3&#8243;][vc_column_text]<\/p>\n<p style=\"text-align: center;\"><span style=\"font-family: thirstyscriptextrabolddemo; font-size: 22pt;\"><span style=\"color: #cf372c;\">Altri tagli<\/span><\/span><\/p>\n<p>[\/vc_column_text]<div id=\"ult-carousel-183977382869df1e4f740af\" class=\"ult-carousel-wrapper  vc_custom_1637920368707  ult_horizontal\" data-gutter=\"15\" data-rtl=\"false\" ><div class=\"ult-carousel-31443013469df1e4f7409d \" ><div class=\"ult-item-wrap\" data-animation=\"animated no-animation\"><div class=\"aio-icon-component  vc_custom_1638785394294   style_3\"><a class=\"aio-icon-box-link\" ><div id=\"Info-box-wrap-2711\" class=\"aio-icon-box square_box-icon\" style=\"border-color:#cfaa5b;border-style:solid;border-width:3px;\"  ><div class=\"aio-icon-square_box\"><div class=\"ult-item-wrap\" data-animation=\"animated no-animation\"><div class=\"ult-just-icon-wrapper  \"><div class=\"align-icon\" style=\"text-align:center;\">\n<div class=\"aio-icon-img \" style=\"font-size:455px;display:inline-block;\" data-animation=\"fadeInUp\" data-animation-delay=\"03\">\n\t<img class=\"img-icon\" alt=\"null\" src=\"https:\/\/www.salumificiovitali.com\/wp-content\/uploads\/2021\/12\/Parma-legato.png\"\/>\n<\/div><\/div><\/div><\/div><\/div><div class=\"aio-icon-header\" ><h3 class=\"aio-icon-title ult-responsive\"  data-ultimate-target='#Info-box-wrap-2711 .aio-icon-title'  data-responsive-json-new='{\"font-size\":\"\",\"line-height\":\"\"}'  style=\"\">Prosciutto di Parma legato<\/h3><\/div> <!-- header --><\/div> <!-- aio-icon-box --><\/a><\/div> <!-- aio-icon-component --><\/div><div class=\"ult-item-wrap\" data-animation=\"animated no-animation\"><div class=\"aio-icon-component  vc_custom_1638785417568   style_3\"><a class=\"aio-icon-box-link\" ><div id=\"Info-box-wrap-1164\" class=\"aio-icon-box square_box-icon\" style=\"border-color:#cfaa5b;border-style:solid;border-width:3px;\"  ><div class=\"aio-icon-square_box\"><div class=\"ult-item-wrap\" data-animation=\"animated no-animation\"><div class=\"ult-just-icon-wrapper  \"><div class=\"align-icon\" style=\"text-align:center;\">\n<div class=\"aio-icon-img \" style=\"font-size:455px;display:inline-block;\" data-animation=\"fadeInUp\" data-animation-delay=\"03\">\n\t<img class=\"img-icon\" alt=\"null\" src=\"https:\/\/www.salumificiovitali.com\/wp-content\/uploads\/2021\/12\/parma-pressato.png\"\/>\n<\/div><\/div><\/div><\/div><\/div><div class=\"aio-icon-header\" ><h3 class=\"aio-icon-title ult-responsive\"  data-ultimate-target='#Info-box-wrap-1164 .aio-icon-title'  data-responsive-json-new='{\"font-size\":\"\",\"line-height\":\"\"}'  style=\"\">Prosciutto di Parma pressato<\/h3><\/div> <!-- header --><\/div> <!-- aio-icon-box --><\/a><\/div> <!-- aio-icon-component --><\/div><div class=\"ult-item-wrap\" data-animation=\"animated no-animation\"><div class=\"aio-icon-component  vc_custom_1638785438525   style_3\"><a class=\"aio-icon-box-link\" ><div id=\"Info-box-wrap-4441\" class=\"aio-icon-box square_box-icon\" style=\"border-color:#cfaa5b;border-style:solid;border-width:3px;\"  ><div class=\"aio-icon-square_box\"><div class=\"ult-item-wrap\" data-animation=\"animated no-animation\"><div class=\"ult-just-icon-wrapper  \"><div class=\"align-icon\" style=\"text-align:center;\">\n<div class=\"aio-icon-img \" style=\"font-size:455px;display:inline-block;\" data-animation=\"fadeInUp\" data-animation-delay=\"03\">\n\t<img class=\"img-icon\" alt=\"null\" src=\"https:\/\/www.salumificiovitali.com\/wp-content\/uploads\/2021\/12\/Prosciutto-di-Parma-trancio.png\"\/>\n<\/div><\/div><\/div><\/div><\/div><div class=\"aio-icon-header\" ><h3 class=\"aio-icon-title ult-responsive\"  data-ultimate-target='#Info-box-wrap-4441 .aio-icon-title'  data-responsive-json-new='{\"font-size\":\"\",\"line-height\":\"\"}'  style=\"\">Prosciutto di Parma trancio<\/h3><\/div> <!-- header --><\/div> <!-- aio-icon-box --><\/a><\/div> <!-- aio-icon-component --><\/div><\/div><\/div>\t\t\t<script type=\"text\/javascript\">\r\n\t\t\t\tjQuery(document).ready(function ($) {\r\n\t\t\t\t\tif( typeof jQuery('.ult-carousel-31443013469df1e4f7409d').slick == \"function\"){\r\n\t\t\t\t\t\t$('.ult-carousel-31443013469df1e4f7409d').slick({dots: false,autoplay: true,autoplaySpeed: 5000,speed: 1500,infinite: true,arrows: true,nextArrow: '<button type=\"button\" role=\"button\" aria-label=\"Next\" style=\"color:#cfaa5b; font-size:20px;\" class=\"slick-next default\"><i class=\"ultsl-arrow-right4\"><\/i><\/button>',prevArrow: '<button type=\"button\" role=\"button\" aria-label=\"Previous\" style=\"color:#cfaa5b; font-size:20px;\" class=\"slick-prev default\"><i class=\"ultsl-arrow-left4\"><\/i><\/button>',slidesToScroll:1,slidesToShow:1,swipe: true,draggable: true,touchMove: true,pauseOnHover: false,pauseOnFocus: false,responsive: [\r\n\t\t\t\t\t\t\t{\r\n\t\t\t\t\t\t\t  breakpoint: 1026,\r\n\t\t\t\t\t\t\t  settings: {\r\n\t\t\t\t\t\t\t\tslidesToShow: 1,\r\n\t\t\t\t\t\t\t\tslidesToScroll: 1,  \r\n\t\t\t\t\t\t\t  }\r\n\t\t\t\t\t\t\t},\r\n\t\t\t\t\t\t\t{\r\n\t\t\t\t\t\t\t  breakpoint: 1025,\r\n\t\t\t\t\t\t\t  settings: {\r\n\t\t\t\t\t\t\t\tslidesToShow: 1,\r\n\t\t\t\t\t\t\t\tslidesToScroll: 1\r\n\t\t\t\t\t\t\t  }\r\n\t\t\t\t\t\t\t},\r\n\t\t\t\t\t\t\t{\r\n\t\t\t\t\t\t\t  breakpoint: 760,\r\n\t\t\t\t\t\t\t  settings: {\r\n\t\t\t\t\t\t\t\tslidesToShow: 1,\r\n\t\t\t\t\t\t\t\tslidesToScroll: 1\r\n\t\t\t\t\t\t\t  }\r\n\t\t\t\t\t\t\t}\r\n\t\t\t\t\t\t],pauseOnDotsHover: true,customPaging: function(slider, i) {\r\n                   return '<i type=\"button\" style= \"color:#333333;\" class=\"ultsl-record\" data-role=\"none\"><\/i>';\r\n                },});\r\n\t\t\t\t\t}\r\n\t\t\t\t});\r\n\t\t\t<\/script>\r\n\t\t\t[\/vc_column][\/vc_row][vc_row full_width=\u00bbstretch_row_content\u00bb css=\u00bb.vc_custom_1637171379587{background-image: url(https:\/\/www.salumificiovitali.com\/wp-content\/uploads\/2021\/11\/bg.jpg?id=12524) !important;}\u00bb][vc_column][vc_empty_space][vc_column_text]\t\t<div class=\"wppsac-wrap wppsac-slick-carousel-wrp wppsac-clearfix \" data-conf=\"{&quot;slides_to_show&quot;:3,&quot;slides_to_scroll&quot;:&quot;1&quot;,&quot;dots&quot;:&quot;false&quot;,&quot;arrows&quot;:&quot;true&quot;,&quot;autoplay&quot;:&quot;true&quot;,&quot;autoplay_interval&quot;:3000,&quot;speed&quot;:500,&quot;rtl&quot;:&quot;false&quot;,&quot;lazyload&quot;:&quot;&quot;}\">\r\n\t\t\t<div id=\"wppsac-post-carousel-5\" class=\"wppsac-post-slider-init wppsac-post-carousel design-1\">\r\n\t\t\t\t<div class=\"wppsac-carousel-slides\">\r\n\t\t<div class=\"wppsac-post-image-bg\">\r\n\t\t<a href=\"https:\/\/www.salumificiovitali.com\/es\/la-buonissima\/\">\r\n\t\t\t<img class=\"wppsac-post-image\"  src=\"https:\/\/www.salumificiovitali.com\/wp-content\/uploads\/2021\/12\/LA-BUONISSIMA_MODENA_Crescentina_7997a.jpg\" alt=\"La Buonissima\" \/>\r\n\t\t<\/a>\r\n\t<\/div>\r\n\t\r\n\t<div class=\"wppsac-post-content-position\">\r\n\t\t\t\t<div class=\"wppsac-post-categories\"><ul class=\"wppsac-post-categories-list\"><li><a href=\"https:\/\/www.salumificiovitali.com\/es\/category\/panini\/\">Bocadillos<\/a><\/li><li><a href=\"https:\/\/www.salumificiovitali.com\/es\/category\/ricette\/\">Recetas<\/a><\/li><\/ul><\/div>\r\n\t\t\r\n\t\t<h2 class=\"wppsac-post-title\">\r\n\t\t\t<a href=\"https:\/\/www.salumificiovitali.com\/es\/la-buonissima\/\">La Buonissima<\/a>\r\n\t\t<\/h2>\r\n\r\n\t\t\t\t<div class=\"wppsac-post-content\">\r\n\t\t\t<div class=\"wppsac-sub-content\">[vc_row][vc_column][vc_empty_space height=\"22px\"][vc_column_text css_animation=\"fadeInUp\"] La Buonissima [\/vc_column_text][vc_column_text css_animation=\"fadeInUp\"] Crescentina con crema de parmigiano reggiano y vinagre bals\u00e1mico tradicional de M\u00f3dena. [\/vc_column_text][vc_empty_space...<\/div>\r\n\r\n\t\t\t\t\t\t<a class=\"wppsac-readmorebtn\" href=\"https:\/\/www.salumificiovitali.com\/es\/la-buonissima\/\">Read More<\/a>\r\n\t\t\t\t\t<\/div>\r\n\t\t\t<\/div>\r\n<\/div><div class=\"wppsac-carousel-slides\">\r\n\t\t<div class=\"wppsac-post-image-bg\">\r\n\t\t<a href=\"https:\/\/www.salumificiovitali.com\/es\/il-ducato\/\">\r\n\t\t\t<img class=\"wppsac-post-image\"  src=\"https:\/\/www.salumificiovitali.com\/wp-content\/uploads\/2021\/12\/IL-DUCATO_PARMA_Torta-fritta_7868.jpg\" alt=\"Il Ducato\" \/>\r\n\t\t<\/a>\r\n\t<\/div>\r\n\t\r\n\t<div class=\"wppsac-post-content-position\">\r\n\t\t\t\t<div class=\"wppsac-post-categories\"><ul class=\"wppsac-post-categories-list\"><li><a href=\"https:\/\/www.salumificiovitali.com\/es\/category\/panini\/\">Bocadillos<\/a><\/li><li><a href=\"https:\/\/www.salumificiovitali.com\/es\/category\/ricette\/\">Recetas<\/a><\/li><\/ul><\/div>\r\n\t\t\r\n\t\t<h2 class=\"wppsac-post-title\">\r\n\t\t\t<a href=\"https:\/\/www.salumificiovitali.com\/es\/il-ducato\/\">Il Ducato<\/a>\r\n\t\t<\/h2>\r\n\r\n\t\t\t\t<div class=\"wppsac-post-content\">\r\n\t\t\t<div class=\"wppsac-sub-content\">[vc_row][vc_column][vc_empty_space height=\"22px\"][vc_column_text css_animation=\"fadeInUp\"] Il Ducato [\/vc_column_text][vc_column_text css_animation=\"fadeInUp\"] Empanadilla frita con queso de vaca cortado en lonchas finas y mostarda de...<\/div>\r\n\r\n\t\t\t\t\t\t<a class=\"wppsac-readmorebtn\" href=\"https:\/\/www.salumificiovitali.com\/es\/il-ducato\/\">Read More<\/a>\r\n\t\t\t\t\t<\/div>\r\n\t\t\t<\/div>\r\n<\/div><div class=\"wppsac-carousel-slides\">\r\n\t\t<div class=\"wppsac-post-image-bg\">\r\n\t\t<a href=\"https:\/\/www.salumificiovitali.com\/es\/il-friulano\/\">\r\n\t\t\t<img class=\"wppsac-post-image\"  src=\"https:\/\/www.salumificiovitali.com\/wp-content\/uploads\/2021\/12\/IL-FRIULANO_SAN-DANIELE_Bun-di-semi_7808.jpg\" alt=\"Il Friulano\" \/>\r\n\t\t<\/a>\r\n\t<\/div>\r\n\t\r\n\t<div class=\"wppsac-post-content-position\">\r\n\t\t\t\t<div class=\"wppsac-post-categories\"><ul class=\"wppsac-post-categories-list\"><li><a href=\"https:\/\/www.salumificiovitali.com\/es\/category\/panini\/\">Bocadillos<\/a><\/li><li><a href=\"https:\/\/www.salumificiovitali.com\/es\/category\/ricette\/\">Recetas<\/a><\/li><\/ul><\/div>\r\n\t\t\r\n\t\t<h2 class=\"wppsac-post-title\">\r\n\t\t\t<a href=\"https:\/\/www.salumificiovitali.com\/es\/il-friulano\/\">Il Friulano<\/a>\r\n\t\t<\/h2>\r\n\r\n\t\t\t\t<div class=\"wppsac-post-content\">\r\n\t\t\t<div class=\"wppsac-sub-content\">[vc_row][vc_column][vc_empty_space height=\"22px\"][vc_column_text css_animation=\"fadeInUp\"] Il Friulano [\/vc_column_text][vc_column_text css_animation=\"fadeInUp\"] Panecillo de semillas de s\u00e9samo con rosti de patatas, tallos de cebolleta, queso...<\/div>\r\n\r\n\t\t\t\t\t\t<a class=\"wppsac-readmorebtn\" href=\"https:\/\/www.salumificiovitali.com\/es\/il-friulano\/\">Read More<\/a>\r\n\t\t\t\t\t<\/div>\r\n\t\t\t<\/div>\r\n<\/div><div class=\"wppsac-carousel-slides\">\r\n\t\t<div class=\"wppsac-post-image-bg\">\r\n\t\t<a href=\"https:\/\/www.salumificiovitali.com\/es\/sapore-destate-2\/\">\r\n\t\t\t<img class=\"wppsac-post-image\"  src=\"https:\/\/www.salumificiovitali.com\/wp-content\/uploads\/2021\/12\/SAPORE-DESTATE_GRAN-SAPORE_Ciabattina_7847.jpg\" alt=\"Sapore d\u2019Estate\" \/>\r\n\t\t<\/a>\r\n\t<\/div>\r\n\t\r\n\t<div class=\"wppsac-post-content-position\">\r\n\t\t\t\t<div class=\"wppsac-post-categories\"><ul class=\"wppsac-post-categories-list\"><li><a href=\"https:\/\/www.salumificiovitali.com\/es\/category\/panini\/\">Bocadillos<\/a><\/li><li><a href=\"https:\/\/www.salumificiovitali.com\/es\/category\/ricette\/\">Recetas<\/a><\/li><\/ul><\/div>\r\n\t\t\r\n\t\t<h2 class=\"wppsac-post-title\">\r\n\t\t\t<a href=\"https:\/\/www.salumificiovitali.com\/es\/sapore-destate-2\/\">Sapore d\u2019Estate<\/a>\r\n\t\t<\/h2>\r\n\r\n\t\t\t\t<div class=\"wppsac-post-content\">\r\n\t\t\t<div class=\"wppsac-sub-content\">[vc_row][vc_column][vc_empty_space height=\"22px\"][vc_column_text css_animation=\"fadeInUp\"] Sapore d\u2019Estate [\/vc_column_text][vc_column_text css_animation=\"fadeInUp\"] Minichapata con stracciatella, berenjenas asadas con salvia y tomate fresco. [\/vc_column_text][vc_empty_space height=\"22px\"][\/vc_column][\/vc_row][vc_row full_width=\"stretch_row\"...<\/div>\r\n\r\n\t\t\t\t\t\t<a class=\"wppsac-readmorebtn\" href=\"https:\/\/www.salumificiovitali.com\/es\/sapore-destate-2\/\">Read More<\/a>\r\n\t\t\t\t\t<\/div>\r\n\t\t\t<\/div>\r\n<\/div><div class=\"wppsac-carousel-slides\">\r\n\t\t<div class=\"wppsac-post-image-bg\">\r\n\t\t<a href=\"https:\/\/www.salumificiovitali.com\/es\/fantasia\/\">\r\n\t\t\t<img class=\"wppsac-post-image\"  src=\"https:\/\/www.salumificiovitali.com\/wp-content\/uploads\/2021\/12\/FANTASIA_CRUDO-STAGIONATO_Brioche-salata_7910.jpg\" alt=\"Fantasia\" \/>\r\n\t\t<\/a>\r\n\t<\/div>\r\n\t\r\n\t<div class=\"wppsac-post-content-position\">\r\n\t\t\t\t<div class=\"wppsac-post-categories\"><ul class=\"wppsac-post-categories-list\"><li><a href=\"https:\/\/www.salumificiovitali.com\/es\/category\/panini\/\">Bocadillos<\/a><\/li><li><a href=\"https:\/\/www.salumificiovitali.com\/es\/category\/ricette\/\">Recetas<\/a><\/li><\/ul><\/div>\r\n\t\t\r\n\t\t<h2 class=\"wppsac-post-title\">\r\n\t\t\t<a href=\"https:\/\/www.salumificiovitali.com\/es\/fantasia\/\">Fantasia<\/a>\r\n\t\t<\/h2>\r\n\r\n\t\t\t\t<div class=\"wppsac-post-content\">\r\n\t\t\t<div class=\"wppsac-sub-content\">[vc_row][vc_column][vc_empty_space height=\"22px\"][vc_column_text css_animation=\"fadeInUp\"] Fantasia [\/vc_column_text][vc_column_text css_animation=\"fadeInUp\"] Cruas\u00e1n salado con ricota, remolacha salteada, sofrito de tallos de remolacha salteados y nueces....<\/div>\r\n\r\n\t\t\t\t\t\t<a class=\"wppsac-readmorebtn\" href=\"https:\/\/www.salumificiovitali.com\/es\/fantasia\/\">Read More<\/a>\r\n\t\t\t\t\t<\/div>\r\n\t\t\t<\/div>\r\n<\/div><div class=\"wppsac-carousel-slides\">\r\n\t\t<div class=\"wppsac-post-image-bg\">\r\n\t\t<a href=\"https:\/\/www.salumificiovitali.com\/es\/italico\/\">\r\n\t\t\t<img class=\"wppsac-post-image\"  src=\"https:\/\/www.salumificiovitali.com\/wp-content\/uploads\/2021\/12\/ITALICO_VITALI_Pane-di-grano-duro_7939.jpg\" alt=\"Italico\" \/>\r\n\t\t<\/a>\r\n\t<\/div>\r\n\t\r\n\t<div class=\"wppsac-post-content-position\">\r\n\t\t\t\t<div class=\"wppsac-post-categories\"><ul class=\"wppsac-post-categories-list\"><li><a href=\"https:\/\/www.salumificiovitali.com\/es\/category\/panini\/\">Bocadillos<\/a><\/li><li><a href=\"https:\/\/www.salumificiovitali.com\/es\/category\/ricette\/\">Recetas<\/a><\/li><\/ul><\/div>\r\n\t\t\r\n\t\t<h2 class=\"wppsac-post-title\">\r\n\t\t\t<a href=\"https:\/\/www.salumificiovitali.com\/es\/italico\/\">Italico<\/a>\r\n\t\t<\/h2>\r\n\r\n\t\t\t\t<div class=\"wppsac-post-content\">\r\n\t\t\t<div class=\"wppsac-sub-content\">[vc_row][vc_column][vc_empty_space height=\"22px\"][vc_column_text css_animation=\"fadeInUp\"] Italico [\/vc_column_text][vc_column_text css_animation=\"fadeInUp\"] Pan de trigo duro tipo Altamura, crema de trigo duro, achicoria salteada y virutas...<\/div>\r\n\r\n\t\t\t\t\t\t<a class=\"wppsac-readmorebtn\" href=\"https:\/\/www.salumificiovitali.com\/es\/italico\/\">Read More<\/a>\r\n\t\t\t\t\t<\/div>\r\n\t\t\t<\/div>\r\n<\/div><div class=\"wppsac-carousel-slides\">\r\n\t\t<div class=\"wppsac-post-image-bg\">\r\n\t\t<a href=\"https:\/\/www.salumificiovitali.com\/es\/caput-mundi\/\">\r\n\t\t\t<img class=\"wppsac-post-image\"  src=\"https:\/\/www.salumificiovitali.com\/wp-content\/uploads\/2021\/12\/CAPUT-MUNDI_BASSIANO_Pane-romano_8028-1.jpg\" alt=\"Caput Mundi\" \/>\r\n\t\t<\/a>\r\n\t<\/div>\r\n\t\r\n\t<div class=\"wppsac-post-content-position\">\r\n\t\t\t\t<div class=\"wppsac-post-categories\"><ul class=\"wppsac-post-categories-list\"><li><a href=\"https:\/\/www.salumificiovitali.com\/es\/category\/panini\/\">Bocadillos<\/a><\/li><li><a href=\"https:\/\/www.salumificiovitali.com\/es\/category\/ricette\/\">Recetas<\/a><\/li><\/ul><\/div>\r\n\t\t\r\n\t\t<h2 class=\"wppsac-post-title\">\r\n\t\t\t<a href=\"https:\/\/www.salumificiovitali.com\/es\/caput-mundi\/\">Caput Mundi<\/a>\r\n\t\t<\/h2>\r\n\r\n\t\t\t\t<div class=\"wppsac-post-content\">\r\n\t\t\t<div class=\"wppsac-sub-content\">[vc_row][vc_column][vc_empty_space height=\"22px\"][vc_column_text css_animation=\"fadeInUp\"] Caput Mundi [\/vc_column_text][vc_column_text css_animation=\"fadeInUp\"] Pan tipo \u00abcazzotto\u00bb romano, mozzarella de b\u00fafala y alcachofa frita. [\/vc_column_text][vc_empty_space height=\"22px\"][\/vc_column][\/vc_row][vc_row full_width=\"stretch_row\"...<\/div>\r\n\r\n\t\t\t\t\t\t<a class=\"wppsac-readmorebtn\" href=\"https:\/\/www.salumificiovitali.com\/es\/caput-mundi\/\">Read More<\/a>\r\n\t\t\t\t\t<\/div>\r\n\t\t\t<\/div>\r\n<\/div><div class=\"wppsac-carousel-slides\">\r\n\t\t<div class=\"wppsac-post-image-bg\">\r\n\t\t<a href=\"https:\/\/www.salumificiovitali.com\/es\/linatteso\/\">\r\n\t\t\t<img class=\"wppsac-post-image\"  src=\"https:\/\/www.salumificiovitali.com\/wp-content\/uploads\/2021\/12\/LINATTESO_CULATTA_Pane-ai-cereali_8063a.jpg\" alt=\"L\u2019inatteso\" \/>\r\n\t\t<\/a>\r\n\t<\/div>\r\n\t\r\n\t<div class=\"wppsac-post-content-position\">\r\n\t\t\t\t<div class=\"wppsac-post-categories\"><ul class=\"wppsac-post-categories-list\"><li><a href=\"https:\/\/www.salumificiovitali.com\/es\/category\/panini\/\">Bocadillos<\/a><\/li><li><a href=\"https:\/\/www.salumificiovitali.com\/es\/category\/ricette\/\">Recetas<\/a><\/li><\/ul><\/div>\r\n\t\t\r\n\t\t<h2 class=\"wppsac-post-title\">\r\n\t\t\t<a href=\"https:\/\/www.salumificiovitali.com\/es\/linatteso\/\">L\u2019inatteso<\/a>\r\n\t\t<\/h2>\r\n\r\n\t\t\t\t<div class=\"wppsac-post-content\">\r\n\t\t\t<div class=\"wppsac-sub-content\">[vc_row][vc_column][vc_empty_space height=\"22px\"][vc_column_text css_animation=\"fadeInUp\"] L\u2019inatteso [\/vc_column_text][vc_column_text css_animation=\"fadeInUp\"] Pan de cereales, mayonesa de yogur, apionabo salteado y carpacho de esp\u00e1rragos crudos. [\/vc_column_text][vc_empty_space...<\/div>\r\n\r\n\t\t\t\t\t\t<a class=\"wppsac-readmorebtn\" href=\"https:\/\/www.salumificiovitali.com\/es\/linatteso\/\">Read More<\/a>\r\n\t\t\t\t\t<\/div>\r\n\t\t\t<\/div>\r\n<\/div>\t\t\t<\/div>\r\n\t\t<\/div>\r\n\t[\/vc_column_text][vc_empty_space][\/vc_column][\/vc_row]<\/p>","protected":false},"excerpt":{"rendered":"<p>[vc_row full_width=\u00bbstretch_row\u00bb bg_type=\u00bbimage\u00bb parallax_style=\u00bbvcpb-default\u00bb bg_image_new=\u00bbid^12524|url^https:\/\/www.salumificiovitali.com\/wp-content\/uploads\/2021\/11\/bg.jpg|caption^null|alt^null|title^bg|description^null\u00bb css=\u00bb.vc_custom_1637919751240{padding-top: 80px !important;padding-bottom: 80px !important;}\u00bb][vc_column][vc_row_inner content_placement=\u00bbmiddle\u00bb][vc_column_inner width=\u00bb1\/2&#8243;][vc_column_text] Prosciutto di Parma [\/vc_column_text][vc_empty_space][vc_column_text] El prosciutto di Parma es Denominaci\u00f3n de Origen Protegida seg\u00fan la ley 13\/02\/1190 n.\u00ba 26 e del Reglamento CE n.\u00ba 1107\/96, garantizado por el Ministerio de las Pol\u00edticas Agr\u00edcolas, Alimentarias y Forestales en virtud del art. 10 del Reglamento [&hellip;]<\/p>\n","protected":false},"author":1,"featured_media":0,"parent":0,"menu_order":0,"comment_status":"closed","ping_status":"closed","template":"page.php","meta":[],"aioseo_notices":[],"_links":{"self":[{"href":"https:\/\/www.salumificiovitali.com\/es\/wp-json\/wp\/v2\/pages\/12948"}],"collection":[{"href":"https:\/\/www.salumificiovitali.com\/es\/wp-json\/wp\/v2\/pages"}],"about":[{"href":"https:\/\/www.salumificiovitali.com\/es\/wp-json\/wp\/v2\/types\/page"}],"author":[{"embeddable":true,"href":"https:\/\/www.salumificiovitali.com\/es\/wp-json\/wp\/v2\/users\/1"}],"replies":[{"embeddable":true,"href":"https:\/\/www.salumificiovitali.com\/es\/wp-json\/wp\/v2\/comments?post=12948"}],"version-history":[{"count":5,"href":"https:\/\/www.salumificiovitali.com\/es\/wp-json\/wp\/v2\/pages\/12948\/revisions"}],"predecessor-version":[{"id":13869,"href":"https:\/\/www.salumificiovitali.com\/es\/wp-json\/wp\/v2\/pages\/12948\/revisions\/13869"}],"wp:attachment":[{"href":"https:\/\/www.salumificiovitali.com\/es\/wp-json\/wp\/v2\/media?parent=12948"}],"curies":[{"name":"wp","href":"https:\/\/api.w.org\/{rel}","templated":true}]}}