{"id":13021,"date":"2021-12-09T13:30:53","date_gmt":"2021-12-09T12:30:53","guid":{"rendered":"https:\/\/www.salumificiovitali.com\/?page_id=13021"},"modified":"2022-03-01T15:01:37","modified_gmt":"2022-03-01T14:01:37","slug":"gran-specialita","status":"publish","type":"page","link":"https:\/\/www.salumificiovitali.com\/es\/gran-specialita\/","title":{"rendered":"Embutidos Gran Specialit\u00e0"},"content":{"rendered":"<p>[vc_row full_width=\u00bbstretch_row_content_no_spaces\u00bb full_height=\u00bbyes\u00bb css=\u00bb.vc_custom_1639064768735{background-image: url(https:\/\/www.salumificiovitali.com\/wp-content\/uploads\/2021\/12\/Gran-specialita-header.jpg?id=13041) !important;background-position: center !important;background-repeat: no-repeat !important;background-size: cover !important;}\u00bb][vc_column][vc_empty_space height=\u00bb460px\u00bb][vc_column_text]<\/p>\n<p style=\"text-align: center;\"><span style=\"font-family: thirstyscriptbold; font-size: 26pt;\"><span style=\"color: #fff;\">Gran Especialidad<br \/>\nEmbutidos de sabor especial<br \/>\n<\/span><\/span><\/p>\n<p>[\/vc_column_text][vc_empty_space height=\u00bb460px\u00bb][\/vc_column][\/vc_row][vc_row full_width=\u00bbstretch_row\u00bb][vc_column][vc_empty_space height=\u00bb62px\u00bb][vc_column_text]<\/p>\n<p style=\"text-align: center;\"><span style=\"font-family: thirstyscriptbold; font-size: 26pt;\"><span style=\"color: #cf372c;\">Embutidos genuinos para quien busca singularidad<\/span><\/span><\/p>\n<p>[\/vc_column_text][vc_empty_space][vc_column_text]<\/p>\n<p style=\"text-align: center;\"><span style=\"font-family: museo-300; font-size: 14pt; line-height: 28px;\">Embutidos Gran especialidad: pensados para quien quiere probar algo distinto, con un gusto m\u00e1s intenso. En Vitali hemos preparado una gama de productos creados a partir de la tradici\u00f3n de la charcuter\u00eda italiana, caracterizados por sabores m\u00e1s fuertes. Son las especias, la pimienta, el ajo y la sal, distintos en cada una de nuestras recetas, los que les otorgan a estos embutidos su singularidad. Usamos \u00fanicamente ingredientes naturales y hemos prohibido del todo cualquier conservante y aditivo. Ya sea el jam\u00f3n crudo Forte di Montagna, el Dolcecuore, el Guanciale curado o la culata con corteza, queremos ofrecerle una experiencia gustativa aut\u00e9ntica y genuina. Es suficiente probar la primera loncha para entender de qu\u00e9 estamos hablando.<\/span><\/p>\n<p>[\/vc_column_text][vc_empty_space][vc_row_inner][vc_column_inner width=\u00bb1\/3&#8243;]<div class=\"aio-icon-component    style_3\"><a class=\"aio-icon-box-link\" href=\"https:\/\/www.salumificiovitali.com\/il-dolcecuore\/\" ><div id=\"Info-box-wrap-1753\" class=\"aio-icon-box square_box-icon\" style=\"border-color:#cfaa5b;border-style:solid;border-width:3px;\" data-min-height='250px' ><div class=\"aio-icon-square_box\"><div class=\"ult-just-icon-wrapper  \"><div class=\"align-icon\" style=\"text-align:center;\">\n<div class=\"aio-icon-img \" style=\"font-size:455px;display:inline-block;\" data-animation=\"fadeInUp\" data-animation-delay=\"03\">\n\t<img class=\"img-icon\" alt=\"null\" src=\"https:\/\/www.salumificiovitali.com\/wp-content\/uploads\/2021\/12\/Dolcecuore.png\"\/>\n<\/div><\/div><\/div><\/div><div class=\"aio-icon-header\" ><h3 class=\"aio-icon-title ult-responsive\"  data-ultimate-target='#Info-box-wrap-1753 .aio-icon-title'  data-responsive-json-new='{\"font-size\":\"\",\"line-height\":\"\"}'  style=\"\">Il Dolcecuore<\/h3><\/div> <!-- header --><\/div> <!-- aio-icon-box --><\/a><\/div> <!-- aio-icon-component -->[\/vc_column_inner][vc_column_inner width=\u00bb1\/3&#8243;]<div class=\"aio-icon-component    style_3\"><a class=\"aio-icon-box-link\" href=\"https:\/\/www.salumificiovitali.com\/forte-di-montagna\/\" ><div id=\"Info-box-wrap-7503\" class=\"aio-icon-box square_box-icon\" style=\"border-color:#cfaa5b;border-style:solid;border-width:3px;\" data-min-height='250px' ><div class=\"aio-icon-square_box\"><div class=\"ult-just-icon-wrapper  \"><div class=\"align-icon\" style=\"text-align:center;\">\n<div class=\"aio-icon-img \" style=\"font-size:455px;display:inline-block;\" data-animation=\"fadeInUp\" data-animation-delay=\"03\">\n\t<img class=\"img-icon\" alt=\"null\" src=\"https:\/\/www.salumificiovitali.com\/wp-content\/uploads\/2021\/12\/Forte-di-montagna.png\"\/>\n<\/div><\/div><\/div><\/div><div class=\"aio-icon-header\" ><h3 class=\"aio-icon-title ult-responsive\"  data-ultimate-target='#Info-box-wrap-7503 .aio-icon-title'  data-responsive-json-new='{\"font-size\":\"\",\"line-height\":\"\"}'  style=\"\">Forte di montagna<\/h3><\/div> <!-- header --><\/div> <!-- aio-icon-box --><\/a><\/div> <!-- aio-icon-component -->[\/vc_column_inner][vc_column_inner width=\u00bb1\/3&#8243;]<div class=\"aio-icon-component    style_3\"><a class=\"aio-icon-box-link\" href=\"https:\/\/www.salumificiovitali.com\/culatta-con-cotenna\/\" ><div id=\"Info-box-wrap-6864\" class=\"aio-icon-box square_box-icon\" style=\"border-color:#cfaa5b;border-style:solid;border-width:3px;\" data-min-height='250px' ><div class=\"aio-icon-square_box\"><div class=\"ult-just-icon-wrapper  \"><div class=\"align-icon\" style=\"text-align:center;\">\n<div class=\"aio-icon-img \" style=\"font-size:455px;display:inline-block;\" data-animation=\"fadeInUp\" data-animation-delay=\"03\">\n\t<img class=\"img-icon\" alt=\"null\" src=\"https:\/\/www.salumificiovitali.com\/wp-content\/uploads\/2021\/12\/Culatta-1.png\"\/>\n<\/div><\/div><\/div><\/div><div class=\"aio-icon-header\" ><h3 class=\"aio-icon-title ult-responsive\"  data-ultimate-target='#Info-box-wrap-6864 .aio-icon-title'  data-responsive-json-new='{\"font-size\":\"\",\"line-height\":\"\"}'  style=\"\">Culatta con cotenna<\/h3><\/div> <!-- header --><\/div> <!-- aio-icon-box --><\/a><\/div> <!-- aio-icon-component -->[\/vc_column_inner][\/vc_row_inner][vc_empty_space][vc_row_inner][vc_column_inner width=\u00bb1\/3&#8243;]<div class=\"aio-icon-component    style_3\"><a class=\"aio-icon-box-link\" href=\"https:\/\/www.salumificiovitali.com\/guanciale-stagionato\/\" ><div id=\"Info-box-wrap-7429\" class=\"aio-icon-box square_box-icon\" style=\"border-color:#cfaa5b;border-style:solid;border-width:3px;\" data-min-height='250px' ><div class=\"aio-icon-square_box\"><div class=\"ult-just-icon-wrapper  \"><div class=\"align-icon\" style=\"text-align:center;\">\n<div class=\"aio-icon-img \" style=\"font-size:455px;display:inline-block;\" data-animation=\"fadeInUp\" data-animation-delay=\"03\">\n\t<img class=\"img-icon\" alt=\"null\" src=\"https:\/\/www.salumificiovitali.com\/wp-content\/uploads\/2021\/12\/Guanciale.png\"\/>\n<\/div><\/div><\/div><\/div><div class=\"aio-icon-header\" ><h3 class=\"aio-icon-title ult-responsive\"  data-ultimate-target='#Info-box-wrap-7429 .aio-icon-title'  data-responsive-json-new='{\"font-size\":\"\",\"line-height\":\"\"}'  style=\"\">Guanciale stagionato<\/h3><\/div> <!-- header --><\/div> <!-- aio-icon-box --><\/a><\/div> <!-- aio-icon-component -->[\/vc_column_inner][vc_column_inner width=\u00bb1\/3&#8243;]<div class=\"aio-icon-component    style_3\"><a class=\"aio-icon-box-link\" href=\"https:\/\/www.salumificiovitali.com\/ilcommensale\/\" ><div id=\"Info-box-wrap-1809\" class=\"aio-icon-box square_box-icon\" style=\"border-color:#cfaa5b;border-style:solid;border-width:3px;\" data-min-height='250px' ><div class=\"aio-icon-square_box\"><div class=\"ult-just-icon-wrapper  \"><div class=\"align-icon\" style=\"text-align:center;\">\n<div class=\"aio-icon-img \" style=\"font-size:455px;display:inline-block;\" data-animation=\"fadeInUp\" data-animation-delay=\"03\">\n\t<img class=\"img-icon\" alt=\"null\" src=\"https:\/\/www.salumificiovitali.com\/wp-content\/uploads\/2021\/12\/Commensale.png\"\/>\n<\/div><\/div><\/div><\/div><div class=\"aio-icon-header\" ><h3 class=\"aio-icon-title ult-responsive\"  data-ultimate-target='#Info-box-wrap-1809 .aio-icon-title'  data-responsive-json-new='{\"font-size\":\"\",\"line-height\":\"\"}'  style=\"\">ilComMenSale<\/h3><\/div> <!-- header --><\/div> <!-- aio-icon-box --><\/a><\/div> <!-- aio-icon-component -->[\/vc_column_inner][vc_column_inner width=\u00bb1\/3&#8243;][\/vc_column_inner][\/vc_row_inner][vc_empty_space][\/vc_column][\/vc_row][vc_row full_width=\u00bbstretch_row\u00bb bg_type=\u00bbimage\u00bb parallax_style=\u00bbvcpb-default\u00bb bg_image_new=\u00bbid^12839|url^https:\/\/www.salumificiovitali.com\/wp-content\/uploads\/2021\/12\/sfondo_salumi.jpg|caption^null|alt^null|title^sfondo_salumi|description^null\u00bb bg_image_repeat=\u00bbno-repeat\u00bb bg_override=\u00bbex-full\u00bb][vc_column][vc_empty_space height=\u00bb102px\u00bb][vc_column_text]<\/p>\n<p style=\"text-align: center;\"><span style=\"font-family: thirstyscriptextrabolddemo; font-size: 26pt;\"><span style=\"color: #cf372c;\">Otros t\u00edtulos:<\/span><\/span><\/p>\n<p>[\/vc_column_text][vc_empty_space][vc_row_inner][vc_column_inner width=\u00bb1\/4&#8243;][\/vc_column_inner][vc_column_inner width=\u00bb1\/4&#8243;]<div class=\"aio-icon-component    style_3\"><a class=\"aio-icon-box-link\" href=\"https:\/\/www.salumificiovitali.com\/prosciutti-crudi\/\" ><div id=\"Info-box-wrap-3228\" class=\"aio-icon-box square_box-icon\" style=\"border-color:#ffffff;border-style:solid;border-width:3px;background-color:#a6b89a;\" data-min-height='250px' ><div class=\"aio-icon-square_box\"><div class=\"ult-just-icon-wrapper  \"><div class=\"align-icon\" style=\"text-align:center;\">\n<div class=\"aio-icon-img \" style=\"font-size:455px;display:inline-block;\" data-animation=\"fadeInUp\" data-animation-delay=\"03\">\n\t<img class=\"img-icon\" alt=\"null\" src=\"https:\/\/www.salumificiovitali.com\/wp-content\/uploads\/2021\/12\/prosciutti_salumi.png\"\/>\n<\/div><\/div><\/div><\/div><div class=\"aio-icon-header\" ><h3 class=\"aio-icon-title ult-responsive\"  data-ultimate-target='#Info-box-wrap-3228 .aio-icon-title'  data-responsive-json-new='{\"font-size\":\"\",\"line-height\":\"\"}'  style=\"\">JAMONES CRUDOS<\/h3><\/div> <!-- header --><\/div> <!-- aio-icon-box --><\/a><\/div> <!-- aio-icon-component -->[\/vc_column_inner][vc_column_inner width=\u00bb1\/4&#8243;]<div class=\"aio-icon-component    style_3\"><a class=\"aio-icon-box-link\" href=\"https:\/\/www.salumificiovitali.com\/altri-salumi\/\" ><div id=\"Info-box-wrap-5349\" class=\"aio-icon-box square_box-icon\" style=\"border-color:#ffffff;border-style:solid;border-width:3px;background-color:#a6b89a;\" data-min-height='250px' ><div class=\"aio-icon-square_box\"><div class=\"ult-just-icon-wrapper  \"><div class=\"align-icon\" style=\"text-align:center;\">\n<div class=\"aio-icon-img \" style=\"font-size:455px;display:inline-block;\" data-animation=\"fadeInUp\" data-animation-delay=\"03\">\n\t<img class=\"img-icon\" alt=\"null\" src=\"https:\/\/www.salumificiovitali.com\/wp-content\/uploads\/2021\/12\/altri-salumi.png\"\/>\n<\/div><\/div><\/div><\/div><div class=\"aio-icon-header\" ><h3 class=\"aio-icon-title ult-responsive\"  data-ultimate-target='#Info-box-wrap-5349 .aio-icon-title'  data-responsive-json-new='{\"font-size\":\"\",\"line-height\":\"\"}'  style=\"\">OTROS EMBUTIDOS<\/h3><\/div> <!-- header --><\/div> <!-- aio-icon-box --><\/a><\/div> <!-- aio-icon-component -->[\/vc_column_inner][vc_column_inner width=\u00bb1\/4&#8243;][\/vc_column_inner][\/vc_row_inner][vc_empty_space][vc_empty_space height=\u00bb72px\u00bb][\/vc_column][\/vc_row]<\/p>","protected":false},"excerpt":{"rendered":"<p>[vc_row full_width=\u00bbstretch_row_content_no_spaces\u00bb full_height=\u00bbyes\u00bb css=\u00bb.vc_custom_1639064768735{background-image: url(https:\/\/www.salumificiovitali.com\/wp-content\/uploads\/2021\/12\/Gran-specialita-header.jpg?id=13041) !important;background-position: center !important;background-repeat: no-repeat !important;background-size: cover !important;}\u00bb][vc_column][vc_empty_space height=\u00bb460px\u00bb][vc_column_text] Gran Especialidad Embutidos de sabor especial [\/vc_column_text][vc_empty_space height=\u00bb460px\u00bb][\/vc_column][\/vc_row][vc_row full_width=\u00bbstretch_row\u00bb][vc_column][vc_empty_space height=\u00bb62px\u00bb][vc_column_text] Embutidos genuinos para quien busca singularidad [\/vc_column_text][vc_empty_space][vc_column_text] Embutidos Gran especialidad: pensados para quien quiere probar algo distinto, con un gusto m\u00e1s intenso. En Vitali hemos preparado una gama de productos creados a [&hellip;]<\/p>\n","protected":false},"author":1,"featured_media":0,"parent":0,"menu_order":0,"comment_status":"closed","ping_status":"closed","template":"page.php","meta":[],"aioseo_notices":[],"_links":{"self":[{"href":"https:\/\/www.salumificiovitali.com\/es\/wp-json\/wp\/v2\/pages\/13021"}],"collection":[{"href":"https:\/\/www.salumificiovitali.com\/es\/wp-json\/wp\/v2\/pages"}],"about":[{"href":"https:\/\/www.salumificiovitali.com\/es\/wp-json\/wp\/v2\/types\/page"}],"author":[{"embeddable":true,"href":"https:\/\/www.salumificiovitali.com\/es\/wp-json\/wp\/v2\/users\/1"}],"replies":[{"embeddable":true,"href":"https:\/\/www.salumificiovitali.com\/es\/wp-json\/wp\/v2\/comments?post=13021"}],"version-history":[{"count":34,"href":"https:\/\/www.salumificiovitali.com\/es\/wp-json\/wp\/v2\/pages\/13021\/revisions"}],"predecessor-version":[{"id":14064,"href":"https:\/\/www.salumificiovitali.com\/es\/wp-json\/wp\/v2\/pages\/13021\/revisions\/14064"}],"wp:attachment":[{"href":"https:\/\/www.salumificiovitali.com\/es\/wp-json\/wp\/v2\/media?parent=13021"}],"curies":[{"name":"wp","href":"https:\/\/api.w.org\/{rel}","templated":true}]}}