{"id":13116,"date":"2021-12-09T18:08:03","date_gmt":"2021-12-09T17:08:03","guid":{"rendered":"https:\/\/www.salumificiovitali.com\/?page_id=13116"},"modified":"2022-03-01T14:52:34","modified_gmt":"2022-03-01T13:52:34","slug":"culatta-con-cotenna","status":"publish","type":"page","link":"https:\/\/www.salumificiovitali.com\/es\/culatta-con-cotenna\/","title":{"rendered":"Culatta con Corteza"},"content":{"rendered":"<p>[vc_row full_width=\u00bbstretch_row\u00bb bg_type=\u00bbimage\u00bb parallax_style=\u00bbvcpb-default\u00bb bg_image_new=\u00bbid^12524|url^https:\/\/www.salumificiovitali.com\/wp-content\/uploads\/2021\/11\/bg.jpg|caption^null|alt^null|title^bg|description^null\u00bb css=\u00bb.vc_custom_1637919751240{padding-top: 80px !important;padding-bottom: 80px !important;}\u00bb][vc_column][vc_row_inner content_placement=\u00bbmiddle\u00bb][vc_column_inner width=\u00bb1\/2&#8243;][vc_column_text]<\/p>\n<p style=\"text-align: center;\"><span style=\"font-family: thirstyscriptextrabolddemo; font-size: 26pt;\"><span style=\"color: #cf372c;\">Culatta con corteza<\/span><\/span><\/p>\n<p>[\/vc_column_text][vc_empty_space][vc_column_text]<\/p>\n<p style=\"text-align: center;\"><span style=\"font-family: museo-300; font-size: 14pt; line-height: 28px;\">La culatta con corteza es un embutido t\u00edpico de Emilia que se elabora con la parte m\u00e1s preciada de la pata de cerdo. Durante el proceso de curaci\u00f3n, se mantiene la corteza, para obtener un producto de textura m\u00e1s blanda. Al tratarse de un producto ya deshuesado desde el comienzo de su elaboraci\u00f3n, presenta una loncha uniforme y homog\u00e9nea. Gracias a la larga curaci\u00f3n, tiene un sabor dulce y delicado y un aroma intenso.<br \/>\n<\/span><\/p>\n<p>[\/vc_column_text][\/vc_column_inner][vc_column_inner width=\u00bb1\/2&#8243;][vc_single_image image=\u00bb13117&#8243; img_size=\u00bbfull\u00bb alignment=\u00bbcenter\u00bb][\/vc_column_inner][\/vc_row_inner][\/vc_column][\/vc_row][vc_row full_width=\u00bbstretch_row\u00bb full_height=\u00bbyes\u00bb bg_type=\u00bbimage\u00bb parallax_style=\u00bbvcpb-default\u00bb bg_image_new=\u00bbid^12839|url^https:\/\/www.salumificiovitali.com\/wp-content\/uploads\/2021\/12\/sfondo_salumi.jpg|caption^null|alt^null|title^sfondo_salumi|description^null\u00bb bg_image_repeat=\u00bbno-repeat\u00bb bg_override=\u00bbex-full\u00bb css=\u00bb.vc_custom_1639068417662{padding-top: 110px !important;padding-bottom: 60px !important;}\u00bb][vc_column width=\u00bb1\/4&#8243;][\/vc_column][vc_column width=\u00bb1\/2&#8243;][vc_empty_space height=\u00bb102px\u00bb][vc_column_text]<\/p>\n<p style=\"text-align: left;\"><span style=\"font-family: thirstyscriptextrabolddemo; font-size: 22pt;\"><span style=\"color: #cf372c;\">Valores Nutricionales medios por 100 g de producto<\/span><\/span><\/p>\n<p>[\/vc_column_text][vc_empty_space][vc_single_image image=\u00bb13825&#8243; img_size=\u00bbfull\u00bb][vc_empty_space height=\u00bb22px\u00bb][vc_column_text]<\/p>\n<ul>\n<li>Sin conservantes<\/li>\n<li>Sin gluten<\/li>\n<li>Sin lactosa<\/li>\n<\/ul>\n<p>[\/vc_column_text][vc_empty_space][\/vc_column][vc_column width=\u00bb1\/4&#8243;][\/vc_column][\/vc_row][vc_row full_width=\u00bbstretch_row_content\u00bb css=\u00bb.vc_custom_1637171379587{background-image: url(https:\/\/www.salumificiovitali.com\/wp-content\/uploads\/2021\/11\/bg.jpg?id=12524) !important;}\u00bb][vc_column][vc_empty_space][vc_column_text]\t\t<div class=\"wppsac-wrap wppsac-slick-carousel-wrp wppsac-clearfix \" data-conf=\"{&quot;slides_to_show&quot;:3,&quot;slides_to_scroll&quot;:&quot;1&quot;,&quot;dots&quot;:&quot;false&quot;,&quot;arrows&quot;:&quot;true&quot;,&quot;autoplay&quot;:&quot;true&quot;,&quot;autoplay_interval&quot;:3000,&quot;speed&quot;:500,&quot;rtl&quot;:&quot;false&quot;,&quot;lazyload&quot;:&quot;&quot;}\">\r\n\t\t\t<div id=\"wppsac-post-carousel-5\" class=\"wppsac-post-slider-init wppsac-post-carousel design-1\">\r\n\t\t\t\t<div class=\"wppsac-carousel-slides\">\r\n\t\t<div class=\"wppsac-post-image-bg\">\r\n\t\t<a href=\"https:\/\/www.salumificiovitali.com\/es\/la-buonissima\/\">\r\n\t\t\t<img class=\"wppsac-post-image\"  src=\"https:\/\/www.salumificiovitali.com\/wp-content\/uploads\/2021\/12\/LA-BUONISSIMA_MODENA_Crescentina_7997a.jpg\" alt=\"La Buonissima\" \/>\r\n\t\t<\/a>\r\n\t<\/div>\r\n\t\r\n\t<div class=\"wppsac-post-content-position\">\r\n\t\t\t\t<div class=\"wppsac-post-categories\"><ul class=\"wppsac-post-categories-list\"><li><a href=\"https:\/\/www.salumificiovitali.com\/es\/category\/panini\/\">Bocadillos<\/a><\/li><li><a href=\"https:\/\/www.salumificiovitali.com\/es\/category\/ricette\/\">Recetas<\/a><\/li><\/ul><\/div>\r\n\t\t\r\n\t\t<h2 class=\"wppsac-post-title\">\r\n\t\t\t<a href=\"https:\/\/www.salumificiovitali.com\/es\/la-buonissima\/\">La Buonissima<\/a>\r\n\t\t<\/h2>\r\n\r\n\t\t\t\t<div class=\"wppsac-post-content\">\r\n\t\t\t<div class=\"wppsac-sub-content\">[vc_row][vc_column][vc_empty_space height=\"22px\"][vc_column_text css_animation=\"fadeInUp\"] La Buonissima [\/vc_column_text][vc_column_text css_animation=\"fadeInUp\"] Crescentina con crema de parmigiano reggiano y vinagre bals\u00e1mico tradicional de M\u00f3dena. [\/vc_column_text][vc_empty_space...<\/div>\r\n\r\n\t\t\t\t\t\t<a class=\"wppsac-readmorebtn\" href=\"https:\/\/www.salumificiovitali.com\/es\/la-buonissima\/\">Read More<\/a>\r\n\t\t\t\t\t<\/div>\r\n\t\t\t<\/div>\r\n<\/div><div class=\"wppsac-carousel-slides\">\r\n\t\t<div class=\"wppsac-post-image-bg\">\r\n\t\t<a href=\"https:\/\/www.salumificiovitali.com\/es\/il-ducato\/\">\r\n\t\t\t<img class=\"wppsac-post-image\"  src=\"https:\/\/www.salumificiovitali.com\/wp-content\/uploads\/2021\/12\/IL-DUCATO_PARMA_Torta-fritta_7868.jpg\" alt=\"Il Ducato\" \/>\r\n\t\t<\/a>\r\n\t<\/div>\r\n\t\r\n\t<div class=\"wppsac-post-content-position\">\r\n\t\t\t\t<div class=\"wppsac-post-categories\"><ul class=\"wppsac-post-categories-list\"><li><a href=\"https:\/\/www.salumificiovitali.com\/es\/category\/panini\/\">Bocadillos<\/a><\/li><li><a href=\"https:\/\/www.salumificiovitali.com\/es\/category\/ricette\/\">Recetas<\/a><\/li><\/ul><\/div>\r\n\t\t\r\n\t\t<h2 class=\"wppsac-post-title\">\r\n\t\t\t<a href=\"https:\/\/www.salumificiovitali.com\/es\/il-ducato\/\">Il Ducato<\/a>\r\n\t\t<\/h2>\r\n\r\n\t\t\t\t<div class=\"wppsac-post-content\">\r\n\t\t\t<div class=\"wppsac-sub-content\">[vc_row][vc_column][vc_empty_space height=\"22px\"][vc_column_text css_animation=\"fadeInUp\"] Il Ducato [\/vc_column_text][vc_column_text css_animation=\"fadeInUp\"] Empanadilla frita con queso de vaca cortado en lonchas finas y mostarda de...<\/div>\r\n\r\n\t\t\t\t\t\t<a class=\"wppsac-readmorebtn\" href=\"https:\/\/www.salumificiovitali.com\/es\/il-ducato\/\">Read More<\/a>\r\n\t\t\t\t\t<\/div>\r\n\t\t\t<\/div>\r\n<\/div><div class=\"wppsac-carousel-slides\">\r\n\t\t<div class=\"wppsac-post-image-bg\">\r\n\t\t<a href=\"https:\/\/www.salumificiovitali.com\/es\/il-friulano\/\">\r\n\t\t\t<img class=\"wppsac-post-image\"  src=\"https:\/\/www.salumificiovitali.com\/wp-content\/uploads\/2021\/12\/IL-FRIULANO_SAN-DANIELE_Bun-di-semi_7808.jpg\" alt=\"Il Friulano\" \/>\r\n\t\t<\/a>\r\n\t<\/div>\r\n\t\r\n\t<div class=\"wppsac-post-content-position\">\r\n\t\t\t\t<div class=\"wppsac-post-categories\"><ul class=\"wppsac-post-categories-list\"><li><a href=\"https:\/\/www.salumificiovitali.com\/es\/category\/panini\/\">Bocadillos<\/a><\/li><li><a href=\"https:\/\/www.salumificiovitali.com\/es\/category\/ricette\/\">Recetas<\/a><\/li><\/ul><\/div>\r\n\t\t\r\n\t\t<h2 class=\"wppsac-post-title\">\r\n\t\t\t<a href=\"https:\/\/www.salumificiovitali.com\/es\/il-friulano\/\">Il Friulano<\/a>\r\n\t\t<\/h2>\r\n\r\n\t\t\t\t<div class=\"wppsac-post-content\">\r\n\t\t\t<div class=\"wppsac-sub-content\">[vc_row][vc_column][vc_empty_space height=\"22px\"][vc_column_text css_animation=\"fadeInUp\"] Il Friulano [\/vc_column_text][vc_column_text css_animation=\"fadeInUp\"] Panecillo de semillas de s\u00e9samo con rosti de patatas, tallos de cebolleta, queso...<\/div>\r\n\r\n\t\t\t\t\t\t<a class=\"wppsac-readmorebtn\" href=\"https:\/\/www.salumificiovitali.com\/es\/il-friulano\/\">Read More<\/a>\r\n\t\t\t\t\t<\/div>\r\n\t\t\t<\/div>\r\n<\/div><div class=\"wppsac-carousel-slides\">\r\n\t\t<div class=\"wppsac-post-image-bg\">\r\n\t\t<a href=\"https:\/\/www.salumificiovitali.com\/es\/sapore-destate-2\/\">\r\n\t\t\t<img class=\"wppsac-post-image\"  src=\"https:\/\/www.salumificiovitali.com\/wp-content\/uploads\/2021\/12\/SAPORE-DESTATE_GRAN-SAPORE_Ciabattina_7847.jpg\" alt=\"Sapore d\u2019Estate\" \/>\r\n\t\t<\/a>\r\n\t<\/div>\r\n\t\r\n\t<div class=\"wppsac-post-content-position\">\r\n\t\t\t\t<div class=\"wppsac-post-categories\"><ul class=\"wppsac-post-categories-list\"><li><a href=\"https:\/\/www.salumificiovitali.com\/es\/category\/panini\/\">Bocadillos<\/a><\/li><li><a href=\"https:\/\/www.salumificiovitali.com\/es\/category\/ricette\/\">Recetas<\/a><\/li><\/ul><\/div>\r\n\t\t\r\n\t\t<h2 class=\"wppsac-post-title\">\r\n\t\t\t<a href=\"https:\/\/www.salumificiovitali.com\/es\/sapore-destate-2\/\">Sapore d\u2019Estate<\/a>\r\n\t\t<\/h2>\r\n\r\n\t\t\t\t<div class=\"wppsac-post-content\">\r\n\t\t\t<div class=\"wppsac-sub-content\">[vc_row][vc_column][vc_empty_space height=\"22px\"][vc_column_text css_animation=\"fadeInUp\"] Sapore d\u2019Estate [\/vc_column_text][vc_column_text css_animation=\"fadeInUp\"] Minichapata con stracciatella, berenjenas asadas con salvia y tomate fresco. [\/vc_column_text][vc_empty_space height=\"22px\"][\/vc_column][\/vc_row][vc_row full_width=\"stretch_row\"...<\/div>\r\n\r\n\t\t\t\t\t\t<a class=\"wppsac-readmorebtn\" href=\"https:\/\/www.salumificiovitali.com\/es\/sapore-destate-2\/\">Read More<\/a>\r\n\t\t\t\t\t<\/div>\r\n\t\t\t<\/div>\r\n<\/div><div class=\"wppsac-carousel-slides\">\r\n\t\t<div class=\"wppsac-post-image-bg\">\r\n\t\t<a href=\"https:\/\/www.salumificiovitali.com\/es\/fantasia\/\">\r\n\t\t\t<img class=\"wppsac-post-image\"  src=\"https:\/\/www.salumificiovitali.com\/wp-content\/uploads\/2021\/12\/FANTASIA_CRUDO-STAGIONATO_Brioche-salata_7910.jpg\" alt=\"Fantasia\" \/>\r\n\t\t<\/a>\r\n\t<\/div>\r\n\t\r\n\t<div class=\"wppsac-post-content-position\">\r\n\t\t\t\t<div class=\"wppsac-post-categories\"><ul class=\"wppsac-post-categories-list\"><li><a href=\"https:\/\/www.salumificiovitali.com\/es\/category\/panini\/\">Bocadillos<\/a><\/li><li><a href=\"https:\/\/www.salumificiovitali.com\/es\/category\/ricette\/\">Recetas<\/a><\/li><\/ul><\/div>\r\n\t\t\r\n\t\t<h2 class=\"wppsac-post-title\">\r\n\t\t\t<a href=\"https:\/\/www.salumificiovitali.com\/es\/fantasia\/\">Fantasia<\/a>\r\n\t\t<\/h2>\r\n\r\n\t\t\t\t<div class=\"wppsac-post-content\">\r\n\t\t\t<div class=\"wppsac-sub-content\">[vc_row][vc_column][vc_empty_space height=\"22px\"][vc_column_text css_animation=\"fadeInUp\"] Fantasia [\/vc_column_text][vc_column_text css_animation=\"fadeInUp\"] Cruas\u00e1n salado con ricota, remolacha salteada, sofrito de tallos de remolacha salteados y nueces....<\/div>\r\n\r\n\t\t\t\t\t\t<a class=\"wppsac-readmorebtn\" href=\"https:\/\/www.salumificiovitali.com\/es\/fantasia\/\">Read More<\/a>\r\n\t\t\t\t\t<\/div>\r\n\t\t\t<\/div>\r\n<\/div><div class=\"wppsac-carousel-slides\">\r\n\t\t<div class=\"wppsac-post-image-bg\">\r\n\t\t<a href=\"https:\/\/www.salumificiovitali.com\/es\/italico\/\">\r\n\t\t\t<img class=\"wppsac-post-image\"  src=\"https:\/\/www.salumificiovitali.com\/wp-content\/uploads\/2021\/12\/ITALICO_VITALI_Pane-di-grano-duro_7939.jpg\" alt=\"Italico\" \/>\r\n\t\t<\/a>\r\n\t<\/div>\r\n\t\r\n\t<div class=\"wppsac-post-content-position\">\r\n\t\t\t\t<div class=\"wppsac-post-categories\"><ul class=\"wppsac-post-categories-list\"><li><a href=\"https:\/\/www.salumificiovitali.com\/es\/category\/panini\/\">Bocadillos<\/a><\/li><li><a href=\"https:\/\/www.salumificiovitali.com\/es\/category\/ricette\/\">Recetas<\/a><\/li><\/ul><\/div>\r\n\t\t\r\n\t\t<h2 class=\"wppsac-post-title\">\r\n\t\t\t<a href=\"https:\/\/www.salumificiovitali.com\/es\/italico\/\">Italico<\/a>\r\n\t\t<\/h2>\r\n\r\n\t\t\t\t<div class=\"wppsac-post-content\">\r\n\t\t\t<div class=\"wppsac-sub-content\">[vc_row][vc_column][vc_empty_space height=\"22px\"][vc_column_text css_animation=\"fadeInUp\"] Italico [\/vc_column_text][vc_column_text css_animation=\"fadeInUp\"] Pan de trigo duro tipo Altamura, crema de trigo duro, achicoria salteada y virutas...<\/div>\r\n\r\n\t\t\t\t\t\t<a class=\"wppsac-readmorebtn\" href=\"https:\/\/www.salumificiovitali.com\/es\/italico\/\">Read More<\/a>\r\n\t\t\t\t\t<\/div>\r\n\t\t\t<\/div>\r\n<\/div><div class=\"wppsac-carousel-slides\">\r\n\t\t<div class=\"wppsac-post-image-bg\">\r\n\t\t<a href=\"https:\/\/www.salumificiovitali.com\/es\/caput-mundi\/\">\r\n\t\t\t<img class=\"wppsac-post-image\"  src=\"https:\/\/www.salumificiovitali.com\/wp-content\/uploads\/2021\/12\/CAPUT-MUNDI_BASSIANO_Pane-romano_8028-1.jpg\" alt=\"Caput Mundi\" \/>\r\n\t\t<\/a>\r\n\t<\/div>\r\n\t\r\n\t<div class=\"wppsac-post-content-position\">\r\n\t\t\t\t<div class=\"wppsac-post-categories\"><ul class=\"wppsac-post-categories-list\"><li><a href=\"https:\/\/www.salumificiovitali.com\/es\/category\/panini\/\">Bocadillos<\/a><\/li><li><a href=\"https:\/\/www.salumificiovitali.com\/es\/category\/ricette\/\">Recetas<\/a><\/li><\/ul><\/div>\r\n\t\t\r\n\t\t<h2 class=\"wppsac-post-title\">\r\n\t\t\t<a href=\"https:\/\/www.salumificiovitali.com\/es\/caput-mundi\/\">Caput Mundi<\/a>\r\n\t\t<\/h2>\r\n\r\n\t\t\t\t<div class=\"wppsac-post-content\">\r\n\t\t\t<div class=\"wppsac-sub-content\">[vc_row][vc_column][vc_empty_space height=\"22px\"][vc_column_text css_animation=\"fadeInUp\"] Caput Mundi [\/vc_column_text][vc_column_text css_animation=\"fadeInUp\"] Pan tipo \u00abcazzotto\u00bb romano, mozzarella de b\u00fafala y alcachofa frita. [\/vc_column_text][vc_empty_space height=\"22px\"][\/vc_column][\/vc_row][vc_row full_width=\"stretch_row\"...<\/div>\r\n\r\n\t\t\t\t\t\t<a class=\"wppsac-readmorebtn\" href=\"https:\/\/www.salumificiovitali.com\/es\/caput-mundi\/\">Read More<\/a>\r\n\t\t\t\t\t<\/div>\r\n\t\t\t<\/div>\r\n<\/div><div class=\"wppsac-carousel-slides\">\r\n\t\t<div class=\"wppsac-post-image-bg\">\r\n\t\t<a href=\"https:\/\/www.salumificiovitali.com\/es\/linatteso\/\">\r\n\t\t\t<img class=\"wppsac-post-image\"  src=\"https:\/\/www.salumificiovitali.com\/wp-content\/uploads\/2021\/12\/LINATTESO_CULATTA_Pane-ai-cereali_8063a.jpg\" alt=\"L\u2019inatteso\" \/>\r\n\t\t<\/a>\r\n\t<\/div>\r\n\t\r\n\t<div class=\"wppsac-post-content-position\">\r\n\t\t\t\t<div class=\"wppsac-post-categories\"><ul class=\"wppsac-post-categories-list\"><li><a href=\"https:\/\/www.salumificiovitali.com\/es\/category\/panini\/\">Bocadillos<\/a><\/li><li><a href=\"https:\/\/www.salumificiovitali.com\/es\/category\/ricette\/\">Recetas<\/a><\/li><\/ul><\/div>\r\n\t\t\r\n\t\t<h2 class=\"wppsac-post-title\">\r\n\t\t\t<a href=\"https:\/\/www.salumificiovitali.com\/es\/linatteso\/\">L\u2019inatteso<\/a>\r\n\t\t<\/h2>\r\n\r\n\t\t\t\t<div class=\"wppsac-post-content\">\r\n\t\t\t<div class=\"wppsac-sub-content\">[vc_row][vc_column][vc_empty_space height=\"22px\"][vc_column_text css_animation=\"fadeInUp\"] L\u2019inatteso [\/vc_column_text][vc_column_text css_animation=\"fadeInUp\"] Pan de cereales, mayonesa de yogur, apionabo salteado y carpacho de esp\u00e1rragos crudos. [\/vc_column_text][vc_empty_space...<\/div>\r\n\r\n\t\t\t\t\t\t<a class=\"wppsac-readmorebtn\" href=\"https:\/\/www.salumificiovitali.com\/es\/linatteso\/\">Read More<\/a>\r\n\t\t\t\t\t<\/div>\r\n\t\t\t<\/div>\r\n<\/div>\t\t\t<\/div>\r\n\t\t<\/div>\r\n\t[\/vc_column_text][vc_empty_space][\/vc_column][\/vc_row]<\/p>","protected":false},"excerpt":{"rendered":"<p>[vc_row full_width=\u00bbstretch_row\u00bb bg_type=\u00bbimage\u00bb parallax_style=\u00bbvcpb-default\u00bb bg_image_new=\u00bbid^12524|url^https:\/\/www.salumificiovitali.com\/wp-content\/uploads\/2021\/11\/bg.jpg|caption^null|alt^null|title^bg|description^null\u00bb css=\u00bb.vc_custom_1637919751240{padding-top: 80px !important;padding-bottom: 80px !important;}\u00bb][vc_column][vc_row_inner content_placement=\u00bbmiddle\u00bb][vc_column_inner width=\u00bb1\/2&#8243;][vc_column_text] Culatta con corteza [\/vc_column_text][vc_empty_space][vc_column_text] La culatta con corteza es un embutido t\u00edpico de Emilia que se elabora con la parte m\u00e1s preciada de la pata de cerdo. Durante el proceso de curaci\u00f3n, se mantiene la corteza, para obtener un producto de textura m\u00e1s [&hellip;]<\/p>\n","protected":false},"author":1,"featured_media":0,"parent":0,"menu_order":0,"comment_status":"closed","ping_status":"closed","template":"page.php","meta":[],"aioseo_notices":[],"_links":{"self":[{"href":"https:\/\/www.salumificiovitali.com\/es\/wp-json\/wp\/v2\/pages\/13116"}],"collection":[{"href":"https:\/\/www.salumificiovitali.com\/es\/wp-json\/wp\/v2\/pages"}],"about":[{"href":"https:\/\/www.salumificiovitali.com\/es\/wp-json\/wp\/v2\/types\/page"}],"author":[{"embeddable":true,"href":"https:\/\/www.salumificiovitali.com\/es\/wp-json\/wp\/v2\/users\/1"}],"replies":[{"embeddable":true,"href":"https:\/\/www.salumificiovitali.com\/es\/wp-json\/wp\/v2\/comments?post=13116"}],"version-history":[{"count":14,"href":"https:\/\/www.salumificiovitali.com\/es\/wp-json\/wp\/v2\/pages\/13116\/revisions"}],"predecessor-version":[{"id":14062,"href":"https:\/\/www.salumificiovitali.com\/es\/wp-json\/wp\/v2\/pages\/13116\/revisions\/14062"}],"wp:attachment":[{"href":"https:\/\/www.salumificiovitali.com\/es\/wp-json\/wp\/v2\/media?parent=13116"}],"curies":[{"name":"wp","href":"https:\/\/api.w.org\/{rel}","templated":true}]}}