{"id":13116,"date":"2021-12-09T18:08:03","date_gmt":"2021-12-09T17:08:03","guid":{"rendered":"https:\/\/www.salumificiovitali.com\/?page_id=13116"},"modified":"2022-03-01T14:52:34","modified_gmt":"2022-03-01T13:52:34","slug":"culatta-con-cotenna","status":"publish","type":"page","link":"https:\/\/www.salumificiovitali.com\/fr\/culatta-con-cotenna\/","title":{"rendered":"Culatta avec Couenne"},"content":{"rendered":"<p>[vc_row full_width=\u00a0\u00bbstretch_row\u00a0\u00bb bg_type=\u00a0\u00bbimage\u00a0\u00bb parallax_style=\u00a0\u00bbvcpb-default\u00a0\u00bb bg_image_new=\u00a0\u00bbid^12524|url^https:\/\/www.salumificiovitali.com\/wp-content\/uploads\/2021\/11\/bg.jpg|caption^null|alt^null|title^bg|description^null\u00a0\u00bb css=\u00a0\u00bb.vc_custom_1637919751240{padding-top: 80px !important;padding-bottom: 80px !important;}\u00a0\u00bb][vc_column][vc_row_inner content_placement=\u00a0\u00bbmiddle\u00a0\u00bb][vc_column_inner width=\u00a0\u00bb1\/2&Prime;][vc_column_text]<\/p>\n<p style=\"text-align: center;\"><span style=\"font-family: thirstyscriptextrabolddemo; font-size: 26pt;\"><span style=\"color: #cf372c;\">Culatta avec couenne<\/span><\/span><\/p>\n<p>[\/vc_column_text][vc_empty_space][vc_column_text]<\/p>\n<p style=\"text-align: center;\"><span style=\"font-family: museo-300; font-size: 14pt; line-height: 28px;\">La culatta avec couenne est une charcuterie typique de l\u2019\u00c9milie, obtenue \u00e0 partir de la partie la plus pris\u00e9e de la cuisse de porc. Au cours de l\u2019affinage, la couenne est conserv\u00e9e pour obtenir un produit \u00e0 la consistance plus moelleuse. Sans os d\u00e8s le d\u00e9but de sa transformation, la culatta avec couenne pr\u00e9sente des tranches uniformes et homog\u00e8nes. Un long affinage lui conf\u00e8re une saveur douce et d\u00e9licate et un ar\u00f4me intense.<br \/>\n<\/span><\/p>\n<p>[\/vc_column_text][\/vc_column_inner][vc_column_inner width=\u00a0\u00bb1\/2&Prime;][vc_single_image image=\u00a0\u00bb13117&Prime; img_size=\u00a0\u00bbfull\u00a0\u00bb alignment=\u00a0\u00bbcenter\u00a0\u00bb][\/vc_column_inner][\/vc_row_inner][\/vc_column][\/vc_row][vc_row full_width=\u00a0\u00bbstretch_row\u00a0\u00bb full_height=\u00a0\u00bbyes\u00a0\u00bb bg_type=\u00a0\u00bbimage\u00a0\u00bb parallax_style=\u00a0\u00bbvcpb-default\u00a0\u00bb bg_image_new=\u00a0\u00bbid^12839|url^https:\/\/www.salumificiovitali.com\/wp-content\/uploads\/2021\/12\/sfondo_salumi.jpg|caption^null|alt^null|title^sfondo_salumi|description^null\u00a0\u00bb bg_image_repeat=\u00a0\u00bbno-repeat\u00a0\u00bb bg_override=\u00a0\u00bbex-full\u00a0\u00bb css=\u00a0\u00bb.vc_custom_1639068417662{padding-top: 110px !important;padding-bottom: 60px !important;}\u00a0\u00bb][vc_column width=\u00a0\u00bb1\/4&Prime;][\/vc_column][vc_column width=\u00a0\u00bb1\/2&Prime;][vc_empty_space height=\u00a0\u00bb102px\u00a0\u00bb][vc_column_text]<\/p>\n<p style=\"text-align: left;\"><span style=\"font-family: thirstyscriptextrabolddemo; font-size: 22pt;\"><span style=\"color: #cf372c;\">Valeurs nutritionnelles moyennes pour 100 g de produit<br \/>\n<\/span><\/span><\/p>\n<p>[\/vc_column_text][vc_empty_space][vc_single_image image=\u00a0\u00bb13826&Prime; img_size=\u00a0\u00bbfull\u00a0\u00bb][vc_empty_space height=\u00a0\u00bb22px\u00a0\u00bb][vc_column_text]<\/p>\n<ul>\n<li>Sans conservateurs<\/li>\n<li>Sans gluten<\/li>\n<li>Sans lactose<\/li>\n<\/ul>\n<p>[\/vc_column_text][vc_empty_space][\/vc_column][vc_column width=\u00a0\u00bb1\/4&Prime;][\/vc_column][\/vc_row][vc_row full_width=\u00a0\u00bbstretch_row_content\u00a0\u00bb css=\u00a0\u00bb.vc_custom_1637171379587{background-image: url(https:\/\/www.salumificiovitali.com\/wp-content\/uploads\/2021\/11\/bg.jpg?id=12524) !important;}\u00a0\u00bb][vc_column][vc_empty_space][vc_column_text]\t\t<div class=\"wppsac-wrap wppsac-slick-carousel-wrp wppsac-clearfix \" data-conf=\"{&quot;slides_to_show&quot;:3,&quot;slides_to_scroll&quot;:&quot;1&quot;,&quot;dots&quot;:&quot;false&quot;,&quot;arrows&quot;:&quot;true&quot;,&quot;autoplay&quot;:&quot;true&quot;,&quot;autoplay_interval&quot;:3000,&quot;speed&quot;:500,&quot;rtl&quot;:&quot;false&quot;,&quot;lazyload&quot;:&quot;&quot;}\">\r\n\t\t\t<div id=\"wppsac-post-carousel-4\" class=\"wppsac-post-slider-init wppsac-post-carousel design-1\">\r\n\t\t\t\t<div class=\"wppsac-carousel-slides\">\r\n\t\t<div class=\"wppsac-post-image-bg\">\r\n\t\t<a href=\"https:\/\/www.salumificiovitali.com\/fr\/la-buonissima\/\">\r\n\t\t\t<img class=\"wppsac-post-image\"  src=\"https:\/\/www.salumificiovitali.com\/wp-content\/uploads\/2021\/12\/LA-BUONISSIMA_MODENA_Crescentina_7997a.jpg\" alt=\"La Buonissima\" \/>\r\n\t\t<\/a>\r\n\t<\/div>\r\n\t\r\n\t<div class=\"wppsac-post-content-position\">\r\n\t\t\t\t<div class=\"wppsac-post-categories\"><ul class=\"wppsac-post-categories-list\"><li><a href=\"https:\/\/www.salumificiovitali.com\/fr\/category\/panini\/\">Sandwichs<\/a><\/li><li><a href=\"https:\/\/www.salumificiovitali.com\/fr\/category\/ricette\/\">Recettes<\/a><\/li><\/ul><\/div>\r\n\t\t\r\n\t\t<h2 class=\"wppsac-post-title\">\r\n\t\t\t<a href=\"https:\/\/www.salumificiovitali.com\/fr\/la-buonissima\/\">La Buonissima<\/a>\r\n\t\t<\/h2>\r\n\r\n\t\t\t\t<div class=\"wppsac-post-content\">\r\n\t\t\t<div class=\"wppsac-sub-content\">[vc_row][vc_column][vc_empty_space height=\"22px\"][vc_column_text css_animation=\"fadeInUp\"] La D\u00e9licieuse [\/vc_column_text][vc_column_text css_animation=\"fadeInUp\"] Crescentina (pain de notre r\u00e9gion) avec une cr\u00e8me de parmigiano reggiano et du...<\/div>\r\n\r\n\t\t\t\t\t\t<a class=\"wppsac-readmorebtn\" href=\"https:\/\/www.salumificiovitali.com\/fr\/la-buonissima\/\">Read More<\/a>\r\n\t\t\t\t\t<\/div>\r\n\t\t\t<\/div>\r\n<\/div><div class=\"wppsac-carousel-slides\">\r\n\t\t<div class=\"wppsac-post-image-bg\">\r\n\t\t<a href=\"https:\/\/www.salumificiovitali.com\/fr\/il-ducato\/\">\r\n\t\t\t<img class=\"wppsac-post-image\"  src=\"https:\/\/www.salumificiovitali.com\/wp-content\/uploads\/2021\/12\/IL-DUCATO_PARMA_Torta-fritta_7868.jpg\" alt=\"Il Ducato\" \/>\r\n\t\t<\/a>\r\n\t<\/div>\r\n\t\r\n\t<div class=\"wppsac-post-content-position\">\r\n\t\t\t\t<div class=\"wppsac-post-categories\"><ul class=\"wppsac-post-categories-list\"><li><a href=\"https:\/\/www.salumificiovitali.com\/fr\/category\/panini\/\">Sandwichs<\/a><\/li><li><a href=\"https:\/\/www.salumificiovitali.com\/fr\/category\/ricette\/\">Recettes<\/a><\/li><\/ul><\/div>\r\n\t\t\r\n\t\t<h2 class=\"wppsac-post-title\">\r\n\t\t\t<a href=\"https:\/\/www.salumificiovitali.com\/fr\/il-ducato\/\">Il Ducato<\/a>\r\n\t\t<\/h2>\r\n\r\n\t\t\t\t<div class=\"wppsac-post-content\">\r\n\t\t\t<div class=\"wppsac-sub-content\">[vc_row][vc_column][vc_empty_space height=\"22px\"][vc_column_text css_animation=\"fadeInUp\"] Il Ducato [\/vc_column_text][vc_column_text css_animation=\"fadeInUp\"] Torta fritta (pain frit) avec du fromage de vache coup\u00e9 en fines tranches...<\/div>\r\n\r\n\t\t\t\t\t\t<a class=\"wppsac-readmorebtn\" href=\"https:\/\/www.salumificiovitali.com\/fr\/il-ducato\/\">Read More<\/a>\r\n\t\t\t\t\t<\/div>\r\n\t\t\t<\/div>\r\n<\/div><div class=\"wppsac-carousel-slides\">\r\n\t\t<div class=\"wppsac-post-image-bg\">\r\n\t\t<a href=\"https:\/\/www.salumificiovitali.com\/fr\/il-friulano\/\">\r\n\t\t\t<img class=\"wppsac-post-image\"  src=\"https:\/\/www.salumificiovitali.com\/wp-content\/uploads\/2021\/12\/IL-FRIULANO_SAN-DANIELE_Bun-di-semi_7808.jpg\" alt=\"Il Friulano\" \/>\r\n\t\t<\/a>\r\n\t<\/div>\r\n\t\r\n\t<div class=\"wppsac-post-content-position\">\r\n\t\t\t\t<div class=\"wppsac-post-categories\"><ul class=\"wppsac-post-categories-list\"><li><a href=\"https:\/\/www.salumificiovitali.com\/fr\/category\/panini\/\">Sandwichs<\/a><\/li><li><a href=\"https:\/\/www.salumificiovitali.com\/fr\/category\/ricette\/\">Recettes<\/a><\/li><\/ul><\/div>\r\n\t\t\r\n\t\t<h2 class=\"wppsac-post-title\">\r\n\t\t\t<a href=\"https:\/\/www.salumificiovitali.com\/fr\/il-friulano\/\">Il Friulano<\/a>\r\n\t\t<\/h2>\r\n\r\n\t\t\t\t<div class=\"wppsac-post-content\">\r\n\t\t\t<div class=\"wppsac-sub-content\">[vc_row][vc_column][vc_empty_space height=\"22px\"][vc_column_text css_animation=\"fadeInUp\"] Il Friulano [\/vc_column_text][vc_column_text css_animation=\"fadeInUp\"] Le Pain \u00e0 hamburger frioulan aux graines de s\u00e9same avec r\u00f6sti de pommes...<\/div>\r\n\r\n\t\t\t\t\t\t<a class=\"wppsac-readmorebtn\" href=\"https:\/\/www.salumificiovitali.com\/fr\/il-friulano\/\">Read More<\/a>\r\n\t\t\t\t\t<\/div>\r\n\t\t\t<\/div>\r\n<\/div><div class=\"wppsac-carousel-slides\">\r\n\t\t<div class=\"wppsac-post-image-bg\">\r\n\t\t<a href=\"https:\/\/www.salumificiovitali.com\/fr\/sapore-destate-2\/\">\r\n\t\t\t<img class=\"wppsac-post-image\"  src=\"https:\/\/www.salumificiovitali.com\/wp-content\/uploads\/2021\/12\/SAPORE-DESTATE_GRAN-SAPORE_Ciabattina_7847.jpg\" alt=\"Sapore d\u2019Estate\" \/>\r\n\t\t<\/a>\r\n\t<\/div>\r\n\t\r\n\t<div class=\"wppsac-post-content-position\">\r\n\t\t\t\t<div class=\"wppsac-post-categories\"><ul class=\"wppsac-post-categories-list\"><li><a href=\"https:\/\/www.salumificiovitali.com\/fr\/category\/panini\/\">Sandwichs<\/a><\/li><li><a href=\"https:\/\/www.salumificiovitali.com\/fr\/category\/ricette\/\">Recettes<\/a><\/li><\/ul><\/div>\r\n\t\t\r\n\t\t<h2 class=\"wppsac-post-title\">\r\n\t\t\t<a href=\"https:\/\/www.salumificiovitali.com\/fr\/sapore-destate-2\/\">Sapore d\u2019Estate<\/a>\r\n\t\t<\/h2>\r\n\r\n\t\t\t\t<div class=\"wppsac-post-content\">\r\n\t\t\t<div class=\"wppsac-sub-content\">[vc_row][vc_column][vc_empty_space height=\"22px\"][vc_column_text css_animation=\"fadeInUp\"] Sapore d\u2019Estate [\/vc_column_text][vc_column_text css_animation=\"fadeInUp\"] Ciabatta aux saveurs d'\u00e9t\u00e9 avec stracciatella, aubergines grill\u00e9es \u00e0 la sauge et tomate...<\/div>\r\n\r\n\t\t\t\t\t\t<a class=\"wppsac-readmorebtn\" href=\"https:\/\/www.salumificiovitali.com\/fr\/sapore-destate-2\/\">Read More<\/a>\r\n\t\t\t\t\t<\/div>\r\n\t\t\t<\/div>\r\n<\/div><div class=\"wppsac-carousel-slides\">\r\n\t\t<div class=\"wppsac-post-image-bg\">\r\n\t\t<a href=\"https:\/\/www.salumificiovitali.com\/fr\/fantasia\/\">\r\n\t\t\t<img class=\"wppsac-post-image\"  src=\"https:\/\/www.salumificiovitali.com\/wp-content\/uploads\/2021\/12\/FANTASIA_CRUDO-STAGIONATO_Brioche-salata_7910.jpg\" alt=\"Fantasia\" \/>\r\n\t\t<\/a>\r\n\t<\/div>\r\n\t\r\n\t<div class=\"wppsac-post-content-position\">\r\n\t\t\t\t<div class=\"wppsac-post-categories\"><ul class=\"wppsac-post-categories-list\"><li><a href=\"https:\/\/www.salumificiovitali.com\/fr\/category\/panini\/\">Sandwichs<\/a><\/li><li><a href=\"https:\/\/www.salumificiovitali.com\/fr\/category\/ricette\/\">Recettes<\/a><\/li><\/ul><\/div>\r\n\t\t\r\n\t\t<h2 class=\"wppsac-post-title\">\r\n\t\t\t<a href=\"https:\/\/www.salumificiovitali.com\/fr\/fantasia\/\">Fantasia<\/a>\r\n\t\t<\/h2>\r\n\r\n\t\t\t\t<div class=\"wppsac-post-content\">\r\n\t\t\t<div class=\"wppsac-sub-content\">[vc_row][vc_column][vc_empty_space height=\"22px\"][vc_column_text css_animation=\"fadeInUp\"] Fantasia [\/vc_column_text][vc_column_text css_animation=\"fadeInUp\"] Brioche fantaisie sal\u00e9e avec ricotta, bettes grill\u00e9es, \u00e9minc\u00e9 de tiges de bettes blanchies et...<\/div>\r\n\r\n\t\t\t\t\t\t<a class=\"wppsac-readmorebtn\" href=\"https:\/\/www.salumificiovitali.com\/fr\/fantasia\/\">Read More<\/a>\r\n\t\t\t\t\t<\/div>\r\n\t\t\t<\/div>\r\n<\/div><div class=\"wppsac-carousel-slides\">\r\n\t\t<div class=\"wppsac-post-image-bg\">\r\n\t\t<a href=\"https:\/\/www.salumificiovitali.com\/fr\/italico\/\">\r\n\t\t\t<img class=\"wppsac-post-image\"  src=\"https:\/\/www.salumificiovitali.com\/wp-content\/uploads\/2021\/12\/ITALICO_VITALI_Pane-di-grano-duro_7939.jpg\" alt=\"Italico\" \/>\r\n\t\t<\/a>\r\n\t<\/div>\r\n\t\r\n\t<div class=\"wppsac-post-content-position\">\r\n\t\t\t\t<div class=\"wppsac-post-categories\"><ul class=\"wppsac-post-categories-list\"><li><a href=\"https:\/\/www.salumificiovitali.com\/fr\/category\/panini\/\">Sandwichs<\/a><\/li><li><a href=\"https:\/\/www.salumificiovitali.com\/fr\/category\/ricette\/\">Recettes<\/a><\/li><\/ul><\/div>\r\n\t\t\r\n\t\t<h2 class=\"wppsac-post-title\">\r\n\t\t\t<a href=\"https:\/\/www.salumificiovitali.com\/fr\/italico\/\">Italico<\/a>\r\n\t\t<\/h2>\r\n\r\n\t\t\t\t<div class=\"wppsac-post-content\">\r\n\t\t\t<div class=\"wppsac-sub-content\">[vc_row][vc_column][vc_empty_space height=\"22px\"][vc_column_text css_animation=\"fadeInUp\"] Italico [\/vc_column_text][vc_column_text css_animation=\"fadeInUp\"] Pain de bl\u00e9 tendre de type Altamura, cr\u00e8me de pois, chicor\u00e9e grill\u00e9e et copeaux...<\/div>\r\n\r\n\t\t\t\t\t\t<a class=\"wppsac-readmorebtn\" href=\"https:\/\/www.salumificiovitali.com\/fr\/italico\/\">Read More<\/a>\r\n\t\t\t\t\t<\/div>\r\n\t\t\t<\/div>\r\n<\/div><div class=\"wppsac-carousel-slides\">\r\n\t\t<div class=\"wppsac-post-image-bg\">\r\n\t\t<a href=\"https:\/\/www.salumificiovitali.com\/fr\/caput-mundi\/\">\r\n\t\t\t<img class=\"wppsac-post-image\"  src=\"https:\/\/www.salumificiovitali.com\/wp-content\/uploads\/2021\/12\/CAPUT-MUNDI_BASSIANO_Pane-romano_8028-1.jpg\" alt=\"Caput Mundi\" \/>\r\n\t\t<\/a>\r\n\t<\/div>\r\n\t\r\n\t<div class=\"wppsac-post-content-position\">\r\n\t\t\t\t<div class=\"wppsac-post-categories\"><ul class=\"wppsac-post-categories-list\"><li><a href=\"https:\/\/www.salumificiovitali.com\/fr\/category\/panini\/\">Sandwichs<\/a><\/li><li><a href=\"https:\/\/www.salumificiovitali.com\/fr\/category\/ricette\/\">Recettes<\/a><\/li><\/ul><\/div>\r\n\t\t\r\n\t\t<h2 class=\"wppsac-post-title\">\r\n\t\t\t<a href=\"https:\/\/www.salumificiovitali.com\/fr\/caput-mundi\/\">Caput Mundi<\/a>\r\n\t\t<\/h2>\r\n\r\n\t\t\t\t<div class=\"wppsac-post-content\">\r\n\t\t\t<div class=\"wppsac-sub-content\">[vc_row][vc_column][vc_empty_space height=\"22px\"][vc_column_text css_animation=\"fadeInUp\"] Caput Mundi [\/vc_column_text][vc_column_text css_animation=\"fadeInUp\"] Pain de type \u00ab cazzotto \u00bb romain, mozzarella di bufala et artichaut frit....<\/div>\r\n\r\n\t\t\t\t\t\t<a class=\"wppsac-readmorebtn\" href=\"https:\/\/www.salumificiovitali.com\/fr\/caput-mundi\/\">Read More<\/a>\r\n\t\t\t\t\t<\/div>\r\n\t\t\t<\/div>\r\n<\/div><div class=\"wppsac-carousel-slides\">\r\n\t\t<div class=\"wppsac-post-image-bg\">\r\n\t\t<a href=\"https:\/\/www.salumificiovitali.com\/fr\/linatteso\/\">\r\n\t\t\t<img class=\"wppsac-post-image\"  src=\"https:\/\/www.salumificiovitali.com\/wp-content\/uploads\/2021\/12\/LINATTESO_CULATTA_Pane-ai-cereali_8063a.jpg\" alt=\"L\u2019inatteso\" \/>\r\n\t\t<\/a>\r\n\t<\/div>\r\n\t\r\n\t<div class=\"wppsac-post-content-position\">\r\n\t\t\t\t<div class=\"wppsac-post-categories\"><ul class=\"wppsac-post-categories-list\"><li><a href=\"https:\/\/www.salumificiovitali.com\/fr\/category\/panini\/\">Sandwichs<\/a><\/li><li><a href=\"https:\/\/www.salumificiovitali.com\/fr\/category\/ricette\/\">Recettes<\/a><\/li><\/ul><\/div>\r\n\t\t\r\n\t\t<h2 class=\"wppsac-post-title\">\r\n\t\t\t<a href=\"https:\/\/www.salumificiovitali.com\/fr\/linatteso\/\">L\u2019inatteso<\/a>\r\n\t\t<\/h2>\r\n\r\n\t\t\t\t<div class=\"wppsac-post-content\">\r\n\t\t\t<div class=\"wppsac-sub-content\">[vc_row][vc_column][vc_empty_space height=\"22px\"][vc_column_text css_animation=\"fadeInUp\"] L\u2019inatteso [\/vc_column_text][vc_column_text css_animation=\"fadeInUp\"] Le Pain aux c\u00e9r\u00e9ales inattendu \u00e0 la mayonnaise au yaourt, au c\u00e9leri-rave blanchi et...<\/div>\r\n\r\n\t\t\t\t\t\t<a class=\"wppsac-readmorebtn\" href=\"https:\/\/www.salumificiovitali.com\/fr\/linatteso\/\">Read More<\/a>\r\n\t\t\t\t\t<\/div>\r\n\t\t\t<\/div>\r\n<\/div>\t\t\t<\/div>\r\n\t\t<\/div>\r\n\t[\/vc_column_text][vc_empty_space][\/vc_column][\/vc_row]<\/p>","protected":false},"excerpt":{"rendered":"<p>[vc_row full_width=\u00a0\u00bbstretch_row\u00a0\u00bb bg_type=\u00a0\u00bbimage\u00a0\u00bb parallax_style=\u00a0\u00bbvcpb-default\u00a0\u00bb bg_image_new=\u00a0\u00bbid^12524|url^https:\/\/www.salumificiovitali.com\/wp-content\/uploads\/2021\/11\/bg.jpg|caption^null|alt^null|title^bg|description^null\u00a0\u00bb css=\u00a0\u00bb.vc_custom_1637919751240{padding-top: 80px !important;padding-bottom: 80px !important;}\u00a0\u00bb][vc_column][vc_row_inner content_placement=\u00a0\u00bbmiddle\u00a0\u00bb][vc_column_inner width=\u00a0\u00bb1\/2&Prime;][vc_column_text] Culatta avec couenne [\/vc_column_text][vc_empty_space][vc_column_text] La culatta avec couenne est une charcuterie typique de l\u2019\u00c9milie, obtenue \u00e0 partir de la partie la plus pris\u00e9e de la cuisse de porc. Au cours de l\u2019affinage, la couenne est conserv\u00e9e pour obtenir un produit \u00e0 la consistance [&hellip;]<\/p>\n","protected":false},"author":1,"featured_media":0,"parent":0,"menu_order":0,"comment_status":"closed","ping_status":"closed","template":"page.php","meta":[],"aioseo_notices":[],"_links":{"self":[{"href":"https:\/\/www.salumificiovitali.com\/fr\/wp-json\/wp\/v2\/pages\/13116"}],"collection":[{"href":"https:\/\/www.salumificiovitali.com\/fr\/wp-json\/wp\/v2\/pages"}],"about":[{"href":"https:\/\/www.salumificiovitali.com\/fr\/wp-json\/wp\/v2\/types\/page"}],"author":[{"embeddable":true,"href":"https:\/\/www.salumificiovitali.com\/fr\/wp-json\/wp\/v2\/users\/1"}],"replies":[{"embeddable":true,"href":"https:\/\/www.salumificiovitali.com\/fr\/wp-json\/wp\/v2\/comments?post=13116"}],"version-history":[{"count":14,"href":"https:\/\/www.salumificiovitali.com\/fr\/wp-json\/wp\/v2\/pages\/13116\/revisions"}],"predecessor-version":[{"id":14062,"href":"https:\/\/www.salumificiovitali.com\/fr\/wp-json\/wp\/v2\/pages\/13116\/revisions\/14062"}],"wp:attachment":[{"href":"https:\/\/www.salumificiovitali.com\/fr\/wp-json\/wp\/v2\/media?parent=13116"}],"curies":[{"name":"wp","href":"https:\/\/api.w.org\/{rel}","templated":true}]}}